{"id":45492,"date":"2020-05-16T13:53:12","date_gmt":"2020-05-16T11:53:12","guid":{"rendered":"https:\/\/mercepuigterapias.com\/index.php\/sobre-mi\/"},"modified":"2025-03-26T11:33:39","modified_gmt":"2025-03-26T10:33:39","slug":"sobre-mi","status":"publish","type":"page","link":"https:\/\/mercepuigterapias.com\/es\/sobre-mi\/","title":{"rendered":"Sobre mi"},"content":{"rendered":"\t\t<div data-elementor-type=\"wp-page\" data-elementor-id=\"45492\" class=\"elementor elementor-45492 elementor-28474\">\n\t\t\t\t<div class=\"elementor-element elementor-element-dc003f3 e-flex e-con-boxed cmsmasters-block-default e-con e-parent\" data-id=\"dc003f3\" data-element_type=\"container\">\n\t\t\t\t\t<div class=\"e-con-inner\">\n\t\t<div class=\"elementor-element elementor-element-101afa0 e-con-full e-flex cmsmasters-block-default e-con e-child\" data-id=\"101afa0\" data-element_type=\"container\">\n\t\t\t\t<div class=\"elementor-element elementor-element-9d91a8a cmsmasters-block-default cmsmasters-sticky-default elementor-widget elementor-widget-image\" data-id=\"9d91a8a\" data-element_type=\"widget\" data-widget_type=\"image.default\">\n\t\t\t\t<div class=\"elementor-widget-container\">\n\t\t\t\t\t\t\t\t\t\t\t\t\t\t\t<img fetchpriority=\"high\" decoding=\"async\" width=\"1180\" height=\"981\" src=\"https:\/\/mercepuigterapias.com\/wp-content\/uploads\/2025\/02\/sobremi_01-30x25.jpg\" class=\"attachment-full size-full wp-image-44587 cmsmasters_img cmsmasters-lazyload lazyload\" alt=\"\" data-sizes=\"(max-width: 1180px) 100vw, 1180px\" data-src=\"https:\/\/mercepuigterapias.com\/wp-content\/uploads\/2025\/02\/sobremi_01.jpg\" data-srcset=\"https:\/\/mercepuigterapias.com\/wp-content\/uploads\/2025\/02\/sobremi_01.jpg 1180w, https:\/\/mercepuigterapias.com\/wp-content\/uploads\/2025\/02\/sobremi_01-300x249.jpg 300w, https:\/\/mercepuigterapias.com\/wp-content\/uploads\/2025\/02\/sobremi_01-1024x851.jpg 1024w, https:\/\/mercepuigterapias.com\/wp-content\/uploads\/2025\/02\/sobremi_01-768x638.jpg 768w, https:\/\/mercepuigterapias.com\/wp-content\/uploads\/2025\/02\/sobremi_01-361x300.jpg 361w, https:\/\/mercepuigterapias.com\/wp-content\/uploads\/2025\/02\/sobremi_01-30x25.jpg 30w, https:\/\/mercepuigterapias.com\/wp-content\/uploads\/2025\/02\/sobremi_01-12x10.jpg 12w\" srcset=\"https:\/\/mercepuigterapias.com\/wp-content\/uploads\/2025\/02\/sobremi_01-30x25.jpg 30w, https:\/\/mercepuigterapias.com\/wp-content\/uploads\/2025\/02\/sobremi_01-300x249.jpg 300w, https:\/\/mercepuigterapias.com\/wp-content\/uploads\/2025\/02\/sobremi_01-1024x851.jpg 1024w, https:\/\/mercepuigterapias.com\/wp-content\/uploads\/2025\/02\/sobremi_01-768x638.jpg 768w, https:\/\/mercepuigterapias.com\/wp-content\/uploads\/2025\/02\/sobremi_01-361x300.jpg 361w, https:\/\/mercepuigterapias.com\/wp-content\/uploads\/2025\/02\/sobremi_01-12x10.jpg 12w, https:\/\/mercepuigterapias.com\/wp-content\/uploads\/2025\/02\/sobremi_01.jpg 1180w\" sizes=\"(max-width: 1180px) 100vw, 1180px\" \/>\t\t\t\t\t\t\t\t\t\t\t\t\t\t\t<\/div>\n\t\t\t\t<\/div>\n\t\t\t\t<\/div>\n\t\t<div class=\"elementor-element elementor-element-ebadd2c e-con-full e-flex cmsmasters-block-default e-con e-child\" data-id=\"ebadd2c\" data-element_type=\"container\">\n\t\t\t\t<div class=\"elementor-element elementor-element-02bea4e elementor-widget__width-initial cmsmasters-block-default cmsmasters-sticky-default elementor-widget elementor-widget-heading\" data-id=\"02bea4e\" data-element_type=\"widget\" data-widget_type=\"heading.default\">\n\t\t\t\t<div class=\"elementor-widget-container\">\n\t\t\t\t\t<h2 class=\"elementor-heading-title elementor-size-default\">Sobre mi<\/h2>\t\t\t\t<\/div>\n\t\t\t\t<\/div>\n\t\t\t\t<div class=\"elementor-element elementor-element-ecbb9e0 cmsmasters-block-default cmsmasters-sticky-default elementor-widget elementor-widget-text-editor\" data-id=\"ecbb9e0\" data-element_type=\"widget\" data-widget_type=\"text-editor.default\">\n\t\t\t\t<div class=\"elementor-widget-container\">\n\t\t\t\t\t\t\t\t\t<p>Me llamo Merc\u00e8 Puig y soy de Arenys de Mar, un peque\u00f1o pueblo pescador cerca de Barcelona. Si algo ha sido constante en mi vida ha sido la duda. Al final, lo he acabado agradeciendo, porque es lo que me ha llevado a donde estoy ahora y lo que me har\u00e1 mover de nuevo ma\u00f1ana. Un d\u00eda me dijeron que gracias a \u00e9l crecer\u00eda, y as\u00ed ha sido. Veo la rigidez de aquel que no duda de nada de lo que sabe, piensa o hace y, desde lo que la vida me ha hecho ver una y otra vez, es que la rigidez s\u00f3lo trae dolor.    <\/p><p>Por eso me apasiona trabajar con masajes. Donde te atascas en la vida, te atascas en el cuerpo. \u00abLa rigidez nace del no movimiento, sea mental, emocional o espiritual\u00bb. \u00a1Cada vez que te ancoras, acoges y acomodas en un lugar m\u00e1s tiempo de lo necesario, la rigidez, el dolor, la vida! Vendr\u00e1 a moverte de ah\u00ed. El tiempo que tardes en escuchar este impulso\u2026 es tu libre albedr\u00edo.     <\/p>\t\t\t\t\t\t\t\t<\/div>\n\t\t\t\t<\/div>\n\t\t\t\t<\/div>\n\t\t\t\t\t<\/div>\n\t\t\t\t<\/div>\n\t\t<div class=\"elementor-element elementor-element-e15739b e-flex e-con-boxed cmsmasters-block-default e-con e-parent\" data-id=\"e15739b\" data-element_type=\"container\" data-settings=\"{&quot;background_background&quot;:&quot;classic&quot;}\">\n\t\t\t\t\t<div class=\"e-con-inner\">\n\t\t<div class=\"elementor-element elementor-element-2a01e8d e-con-full e-flex cmsmasters-block-default e-con e-child\" data-id=\"2a01e8d\" data-element_type=\"container\">\n\t\t\t\t<div class=\"elementor-element elementor-element-229ceef elementor-widget__width-initial elementor-widget-tablet__width-inherit cmsmasters-block-default cmsmasters-sticky-default elementor-widget elementor-widget-text-editor\" data-id=\"229ceef\" data-element_type=\"widget\" data-widget_type=\"text-editor.default\">\n\t\t\t\t<div class=\"elementor-widget-container\">\n\t\t\t\t\t\t\t\t\t<p>Fue emocionante descubrir que muchas de las cosas que le\u00eda ya las hab\u00eda deducido observando a mis clientes ya m\u00ed misma. Llegu\u00e9 donde estoy por casualidad (\u00bfexiste realmente?). Empec\u00e9 con los masajes como simple hobby, porque mi carrera inicial y mis aspiraciones juveniles me hicieron empezar por psicolog\u00eda\u2026 y aunque la psique humana me fascina, me di cuenta de que no era mi verdadera pasi\u00f3n. Y mira, un d\u00eda, de forma casual, me dijeron que ten\u00eda buenas manos y pens\u00e9: \u00bfpor qu\u00e9 no?   <\/p><p>Aunque nunca dej\u00e9 de trabajar como camarera, una profesi\u00f3n que me defini\u00f3 durante muchos a\u00f1os, me atrev\u00ed a realizar el primer nivel de masaje. Y adem\u00e1s de agradarme, resulta que me iba bien. As\u00ed que hice el segundo, osteopat\u00eda, reflexolog\u00eda, drenaje\u2026 y ya no he sabido parar. Cada vez he querido profundizar en t\u00e9cnicas manuales pr\u00e1cticas y aplicar la intuici\u00f3n para ir un paso m\u00e1s all\u00e1.   <\/p>\t\t\t\t\t\t\t\t<\/div>\n\t\t\t\t<\/div>\n\t\t\t\t<\/div>\n\t\t<div class=\"elementor-element elementor-element-c26908d e-con-full e-flex cmsmasters-block-default e-con e-child\" data-id=\"c26908d\" data-element_type=\"container\">\n\t\t\t\t<div class=\"elementor-element elementor-element-c83c062 cmsmasters-block-default cmsmasters-sticky-default elementor-widget elementor-widget-image\" data-id=\"c83c062\" data-element_type=\"widget\" data-widget_type=\"image.default\">\n\t\t\t\t<div class=\"elementor-widget-container\">\n\t\t\t\t\t\t\t\t\t\t\t\t\t\t\t<img decoding=\"async\" width=\"1180\" height=\"1301\" src=\"https:\/\/mercepuigterapias.com\/wp-content\/uploads\/2025\/02\/sobremi02-30x33.jpg\" class=\"attachment-full size-full wp-image-44589 cmsmasters_img cmsmasters-lazyload lazyload\" alt=\"\" data-sizes=\"(max-width: 1180px) 100vw, 1180px\" data-src=\"https:\/\/mercepuigterapias.com\/wp-content\/uploads\/2025\/02\/sobremi02.jpg\" data-srcset=\"https:\/\/mercepuigterapias.com\/wp-content\/uploads\/2025\/02\/sobremi02.jpg 1180w, https:\/\/mercepuigterapias.com\/wp-content\/uploads\/2025\/02\/sobremi02-272x300.jpg 272w, https:\/\/mercepuigterapias.com\/wp-content\/uploads\/2025\/02\/sobremi02-929x1024.jpg 929w, https:\/\/mercepuigterapias.com\/wp-content\/uploads\/2025\/02\/sobremi02-768x847.jpg 768w, https:\/\/mercepuigterapias.com\/wp-content\/uploads\/2025\/02\/sobremi02-30x33.jpg 30w, https:\/\/mercepuigterapias.com\/wp-content\/uploads\/2025\/02\/sobremi02-27x30.jpg 27w, https:\/\/mercepuigterapias.com\/wp-content\/uploads\/2025\/02\/sobremi02-9x10.jpg 9w\" srcset=\"https:\/\/mercepuigterapias.com\/wp-content\/uploads\/2025\/02\/sobremi02-30x33.jpg 30w, https:\/\/mercepuigterapias.com\/wp-content\/uploads\/2025\/02\/sobremi02-272x300.jpg 272w, https:\/\/mercepuigterapias.com\/wp-content\/uploads\/2025\/02\/sobremi02-929x1024.jpg 929w, https:\/\/mercepuigterapias.com\/wp-content\/uploads\/2025\/02\/sobremi02-768x847.jpg 768w, https:\/\/mercepuigterapias.com\/wp-content\/uploads\/2025\/02\/sobremi02-27x30.jpg 27w, https:\/\/mercepuigterapias.com\/wp-content\/uploads\/2025\/02\/sobremi02-9x10.jpg 9w, https:\/\/mercepuigterapias.com\/wp-content\/uploads\/2025\/02\/sobremi02.jpg 1180w\" sizes=\"(max-width: 1180px) 100vw, 1180px\" \/>\t\t\t\t\t\t\t\t\t\t\t\t\t\t\t<\/div>\n\t\t\t\t<\/div>\n\t\t\t\t<\/div>\n\t\t\t\t\t<\/div>\n\t\t\t\t<\/div>\n\t\t<div class=\"elementor-element elementor-element-e6caa4a e-flex e-con-boxed cmsmasters-block-default e-con e-parent\" data-id=\"e6caa4a\" data-element_type=\"container\">\n\t\t\t\t\t<div class=\"e-con-inner\">\n\t\t<div class=\"elementor-element elementor-element-380df1e e-con-full e-flex cmsmasters-block-default e-con e-child\" data-id=\"380df1e\" data-element_type=\"container\">\n\t\t\t\t<div class=\"elementor-element elementor-element-548f851 cmsmasters-block-default cmsmasters-sticky-default elementor-widget elementor-widget-image\" data-id=\"548f851\" data-element_type=\"widget\" data-widget_type=\"image.default\">\n\t\t\t\t<div class=\"elementor-widget-container\">\n\t\t\t\t\t\t\t\t\t\t\t\t\t\t\t<img decoding=\"async\" width=\"1180\" height=\"981\" src=\"https:\/\/mercepuigterapias.com\/wp-content\/uploads\/2025\/02\/sobremi03-30x25.jpg\" class=\"attachment-full size-full wp-image-44590 cmsmasters_img cmsmasters-lazyload lazyload\" alt=\"\" data-sizes=\"(max-width: 1180px) 100vw, 1180px\" data-src=\"https:\/\/mercepuigterapias.com\/wp-content\/uploads\/2025\/02\/sobremi03.jpg\" data-srcset=\"https:\/\/mercepuigterapias.com\/wp-content\/uploads\/2025\/02\/sobremi03.jpg 1180w, https:\/\/mercepuigterapias.com\/wp-content\/uploads\/2025\/02\/sobremi03-300x249.jpg 300w, https:\/\/mercepuigterapias.com\/wp-content\/uploads\/2025\/02\/sobremi03-1024x851.jpg 1024w, https:\/\/mercepuigterapias.com\/wp-content\/uploads\/2025\/02\/sobremi03-768x638.jpg 768w, https:\/\/mercepuigterapias.com\/wp-content\/uploads\/2025\/02\/sobremi03-361x300.jpg 361w, https:\/\/mercepuigterapias.com\/wp-content\/uploads\/2025\/02\/sobremi03-30x25.jpg 30w, https:\/\/mercepuigterapias.com\/wp-content\/uploads\/2025\/02\/sobremi03-12x10.jpg 12w\" srcset=\"https:\/\/mercepuigterapias.com\/wp-content\/uploads\/2025\/02\/sobremi03-30x25.jpg 30w, https:\/\/mercepuigterapias.com\/wp-content\/uploads\/2025\/02\/sobremi03-300x249.jpg 300w, https:\/\/mercepuigterapias.com\/wp-content\/uploads\/2025\/02\/sobremi03-1024x851.jpg 1024w, https:\/\/mercepuigterapias.com\/wp-content\/uploads\/2025\/02\/sobremi03-768x638.jpg 768w, https:\/\/mercepuigterapias.com\/wp-content\/uploads\/2025\/02\/sobremi03-361x300.jpg 361w, https:\/\/mercepuigterapias.com\/wp-content\/uploads\/2025\/02\/sobremi03-12x10.jpg 12w, https:\/\/mercepuigterapias.com\/wp-content\/uploads\/2025\/02\/sobremi03.jpg 1180w\" sizes=\"(max-width: 1180px) 100vw, 1180px\" \/>\t\t\t\t\t\t\t\t\t\t\t\t\t\t\t<\/div>\n\t\t\t\t<\/div>\n\t\t\t\t<\/div>\n\t\t<div class=\"elementor-element elementor-element-9ecc63e e-con-full e-flex cmsmasters-block-default e-con e-child\" data-id=\"9ecc63e\" data-element_type=\"container\">\n\t\t\t\t<div class=\"elementor-element elementor-element-4416b04 cmsmasters-block-default cmsmasters-sticky-default elementor-widget elementor-widget-text-editor\" data-id=\"4416b04\" data-element_type=\"widget\" data-widget_type=\"text-editor.default\">\n\t\t\t\t<div class=\"elementor-widget-container\">\n\t\t\t\t\t\t\t\t\t<p>Porque tocabas un m\u00fasculo y entend\u00edas que, si no colocabas bien la v\u00e9rtebra, no serv\u00eda de nada, y despu\u00e9s ve\u00edas que, si la persona no cambiaba de trabajo o de emoci\u00f3n, nada serv\u00eda para nada\u2026 y as\u00ed hasta el d\u00eda de hoy, donde la \u00fanica conclusi\u00f3n a la que puedo llegar es que nadie tiene la t\u00e9cnica ni la verdad campo energ\u00e9tico\/vibracional, se manifiesta a trav\u00e9s del f\u00edsico.<\/p><p>Y en todo ese viraje f\u00edsico y terrenal muy mental y estructurada como era yo, un d\u00eda la vida me invit\u00f3 a descubrir que hab\u00eda algo m\u00e1s: la energ\u00eda sutil, lo que no se ve y que afecta a todo lo que s\u00ed (sorpresa, las teor\u00edas cu\u00e1nticas dicen lo mismo). Os puedo explicar que hice el primer nivel de Reiki sin ganas y sin creer y que tard\u00e9 mucho en darme cuenta de que mi dolor de espalda hab\u00eda desaparecido despu\u00e9s de eso. Mi vida estaba en otro escal\u00f3n y no me di cuenta hasta mucho tiempo despu\u00e9s.  <\/p>\t\t\t\t\t\t\t\t<\/div>\n\t\t\t\t<\/div>\n\t\t\t\t<\/div>\n\t\t\t\t\t<\/div>\n\t\t\t\t<\/div>\n\t\t\t\t<\/div>\n\t\t","protected":false},"excerpt":{"rendered":"<p>Sobre mi Me llamo Merc\u00e8 Puig y soy de Arenys de Mar, un peque\u00f1o pueblo pescador cerca de Barcelona. Si algo ha sido constante en mi vida ha sido la duda. Al final, lo he acabado agradeciendo, porque es lo que me ha llevado a donde estoy ahora y lo que me har\u00e1 mover de&#8230;<\/p>\n","protected":false},"author":1,"featured_media":0,"parent":0,"menu_order":0,"comment_status":"closed","ping_status":"closed","template":"","meta":{"_acf_changed":false,"_joinchat":[],"footnotes":""},"class_list":["post-45492","page","type-page","status-publish","hentry"],"acf":[],"yoast_head":"<!-- This site is optimized with the Yoast SEO plugin v24.8.1 - https:\/\/yoast.com\/wordpress\/plugins\/seo\/ -->\n<title>Sobre mi - Merc\u00e8 Puig Terapias<\/title>\n<meta name=\"robots\" content=\"index, follow, max-snippet:-1, max-image-preview:large, max-video-preview:-1\" \/>\n<link rel=\"canonical\" href=\"https:\/\/mercepuigterapias.com\/es\/sobre-mi\/\" \/>\n<meta property=\"og:locale\" content=\"es_ES\" \/>\n<meta property=\"og:type\" content=\"article\" \/>\n<meta property=\"og:title\" content=\"Sobre mi - Merc\u00e8 Puig Terapias\" \/>\n<meta property=\"og:description\" content=\"Sobre mi Me llamo Merc\u00e8 Puig y soy de Arenys de Mar, un peque\u00f1o pueblo pescador cerca de Barcelona. Si algo ha sido constante en mi vida ha sido la duda. Al final, lo he acabado agradeciendo, porque es lo que me ha llevado a donde estoy ahora y lo que me har\u00e1 mover de...\" \/>\n<meta property=\"og:url\" content=\"https:\/\/mercepuigterapias.com\/es\/sobre-mi\/\" \/>\n<meta property=\"og:site_name\" content=\"Merc\u00e8 Puig Terapias\" \/>\n<meta property=\"article:modified_time\" content=\"2025-03-26T10:33:39+00:00\" \/>\n<meta property=\"og:image\" content=\"https:\/\/mercepuigterapias.com\/wp-content\/uploads\/2025\/02\/sobremi_01-30x25.jpg\" \/>\n<meta name=\"twitter:card\" content=\"summary_large_image\" \/>\n<meta name=\"twitter:label1\" content=\"Tiempo de lectura\" \/>\n\t<meta name=\"twitter:data1\" content=\"3 minutos\" \/>\n<script type=\"application\/ld+json\" class=\"yoast-schema-graph\">{\"@context\":\"https:\/\/schema.org\",\"@graph\":[{\"@type\":\"WebPage\",\"@id\":\"https:\/\/mercepuigterapias.com\/es\/sobre-mi\/\",\"url\":\"https:\/\/mercepuigterapias.com\/es\/sobre-mi\/\",\"name\":\"Sobre mi - Merc\u00e8 Puig Terapias\",\"isPartOf\":{\"@id\":\"https:\/\/mercepuigterapias.com\/#website\"},\"primaryImageOfPage\":{\"@id\":\"https:\/\/mercepuigterapias.com\/es\/sobre-mi\/#primaryimage\"},\"image\":{\"@id\":\"https:\/\/mercepuigterapias.com\/es\/sobre-mi\/#primaryimage\"},\"thumbnailUrl\":\"https:\/\/mercepuigterapias.com\/wp-content\/uploads\/2025\/02\/sobremi_01-30x25.jpg\",\"datePublished\":\"2020-05-16T11:53:12+00:00\",\"dateModified\":\"2025-03-26T10:33:39+00:00\",\"breadcrumb\":{\"@id\":\"https:\/\/mercepuigterapias.com\/es\/sobre-mi\/#breadcrumb\"},\"inLanguage\":\"es\",\"potentialAction\":[{\"@type\":\"ReadAction\",\"target\":[\"https:\/\/mercepuigterapias.com\/es\/sobre-mi\/\"]}]},{\"@type\":\"ImageObject\",\"inLanguage\":\"es\",\"@id\":\"https:\/\/mercepuigterapias.com\/es\/sobre-mi\/#primaryimage\",\"url\":\"https:\/\/mercepuigterapias.com\/wp-content\/uploads\/2025\/02\/sobremi_01-30x25.jpg\",\"contentUrl\":\"https:\/\/mercepuigterapias.com\/wp-content\/uploads\/2025\/02\/sobremi_01-30x25.jpg\"},{\"@type\":\"BreadcrumbList\",\"@id\":\"https:\/\/mercepuigterapias.com\/es\/sobre-mi\/#breadcrumb\",\"itemListElement\":[{\"@type\":\"ListItem\",\"position\":1,\"name\":\"Portada\",\"item\":\"https:\/\/mercepuigterapias.com\/es\/\"},{\"@type\":\"ListItem\",\"position\":2,\"name\":\"Sobre mi\"}]},{\"@type\":\"WebSite\",\"@id\":\"https:\/\/mercepuigterapias.com\/#website\",\"url\":\"https:\/\/mercepuigterapias.com\/\",\"name\":\"Mer\u00e7e Puig Terapias\",\"description\":\"\",\"publisher\":{\"@id\":\"https:\/\/mercepuigterapias.com\/#organization\"},\"potentialAction\":[{\"@type\":\"SearchAction\",\"target\":{\"@type\":\"EntryPoint\",\"urlTemplate\":\"https:\/\/mercepuigterapias.com\/?s={search_term_string}\"},\"query-input\":{\"@type\":\"PropertyValueSpecification\",\"valueRequired\":true,\"valueName\":\"search_term_string\"}}],\"inLanguage\":\"es\"},{\"@type\":\"Organization\",\"@id\":\"https:\/\/mercepuigterapias.com\/#organization\",\"name\":\"Mer\u00e7e Puig Terapias\",\"url\":\"https:\/\/mercepuigterapias.com\/\",\"logo\":{\"@type\":\"ImageObject\",\"inLanguage\":\"es\",\"@id\":\"https:\/\/mercepuigterapias.com\/#\/schema\/logo\/image\/\",\"url\":\"https:\/\/mercepuigterapias.com\/wp-content\/uploads\/2025\/02\/logoDaurat-1.png\",\"contentUrl\":\"https:\/\/mercepuigterapias.com\/wp-content\/uploads\/2025\/02\/logoDaurat-1.png\",\"width\":150,\"height\":150,\"caption\":\"Mer\u00e7e Puig Terapias\"},\"image\":{\"@id\":\"https:\/\/mercepuigterapias.com\/#\/schema\/logo\/image\/\"}}]}<\/script>\n<!-- \/ Yoast SEO plugin. -->","yoast_head_json":{"title":"Sobre mi - Merc\u00e8 Puig Terapias","robots":{"index":"index","follow":"follow","max-snippet":"max-snippet:-1","max-image-preview":"max-image-preview:large","max-video-preview":"max-video-preview:-1"},"canonical":"https:\/\/mercepuigterapias.com\/es\/sobre-mi\/","og_locale":"es_ES","og_type":"article","og_title":"Sobre mi - Merc\u00e8 Puig Terapias","og_description":"Sobre mi Me llamo Merc\u00e8 Puig y soy de Arenys de Mar, un peque\u00f1o pueblo pescador cerca de Barcelona. Si algo ha sido constante en mi vida ha sido la duda. Al final, lo he acabado agradeciendo, porque es lo que me ha llevado a donde estoy ahora y lo que me har\u00e1 mover de...","og_url":"https:\/\/mercepuigterapias.com\/es\/sobre-mi\/","og_site_name":"Merc\u00e8 Puig Terapias","article_modified_time":"2025-03-26T10:33:39+00:00","og_image":[{"url":"https:\/\/mercepuigterapias.com\/wp-content\/uploads\/2025\/02\/sobremi_01-30x25.jpg","type":"","width":"","height":""}],"twitter_card":"summary_large_image","twitter_misc":{"Tiempo de lectura":"3 minutos"},"schema":{"@context":"https:\/\/schema.org","@graph":[{"@type":"WebPage","@id":"https:\/\/mercepuigterapias.com\/es\/sobre-mi\/","url":"https:\/\/mercepuigterapias.com\/es\/sobre-mi\/","name":"Sobre mi - Merc\u00e8 Puig Terapias","isPartOf":{"@id":"https:\/\/mercepuigterapias.com\/#website"},"primaryImageOfPage":{"@id":"https:\/\/mercepuigterapias.com\/es\/sobre-mi\/#primaryimage"},"image":{"@id":"https:\/\/mercepuigterapias.com\/es\/sobre-mi\/#primaryimage"},"thumbnailUrl":"https:\/\/mercepuigterapias.com\/wp-content\/uploads\/2025\/02\/sobremi_01-30x25.jpg","datePublished":"2020-05-16T11:53:12+00:00","dateModified":"2025-03-26T10:33:39+00:00","breadcrumb":{"@id":"https:\/\/mercepuigterapias.com\/es\/sobre-mi\/#breadcrumb"},"inLanguage":"es","potentialAction":[{"@type":"ReadAction","target":["https:\/\/mercepuigterapias.com\/es\/sobre-mi\/"]}]},{"@type":"ImageObject","inLanguage":"es","@id":"https:\/\/mercepuigterapias.com\/es\/sobre-mi\/#primaryimage","url":"https:\/\/mercepuigterapias.com\/wp-content\/uploads\/2025\/02\/sobremi_01-30x25.jpg","contentUrl":"https:\/\/mercepuigterapias.com\/wp-content\/uploads\/2025\/02\/sobremi_01-30x25.jpg"},{"@type":"BreadcrumbList","@id":"https:\/\/mercepuigterapias.com\/es\/sobre-mi\/#breadcrumb","itemListElement":[{"@type":"ListItem","position":1,"name":"Portada","item":"https:\/\/mercepuigterapias.com\/es\/"},{"@type":"ListItem","position":2,"name":"Sobre mi"}]},{"@type":"WebSite","@id":"https:\/\/mercepuigterapias.com\/#website","url":"https:\/\/mercepuigterapias.com\/","name":"Mer\u00e7e Puig Terapias","description":"","publisher":{"@id":"https:\/\/mercepuigterapias.com\/#organization"},"potentialAction":[{"@type":"SearchAction","target":{"@type":"EntryPoint","urlTemplate":"https:\/\/mercepuigterapias.com\/?s={search_term_string}"},"query-input":{"@type":"PropertyValueSpecification","valueRequired":true,"valueName":"search_term_string"}}],"inLanguage":"es"},{"@type":"Organization","@id":"https:\/\/mercepuigterapias.com\/#organization","name":"Mer\u00e7e Puig Terapias","url":"https:\/\/mercepuigterapias.com\/","logo":{"@type":"ImageObject","inLanguage":"es","@id":"https:\/\/mercepuigterapias.com\/#\/schema\/logo\/image\/","url":"https:\/\/mercepuigterapias.com\/wp-content\/uploads\/2025\/02\/logoDaurat-1.png","contentUrl":"https:\/\/mercepuigterapias.com\/wp-content\/uploads\/2025\/02\/logoDaurat-1.png","width":150,"height":150,"caption":"Mer\u00e7e Puig Terapias"},"image":{"@id":"https:\/\/mercepuigterapias.com\/#\/schema\/logo\/image\/"}}]}},"_links":{"self":[{"href":"https:\/\/mercepuigterapias.com\/es\/wp-json\/wp\/v2\/pages\/45492","targetHints":{"allow":["GET"]}}],"collection":[{"href":"https:\/\/mercepuigterapias.com\/es\/wp-json\/wp\/v2\/pages"}],"about":[{"href":"https:\/\/mercepuigterapias.com\/es\/wp-json\/wp\/v2\/types\/page"}],"author":[{"embeddable":true,"href":"https:\/\/mercepuigterapias.com\/es\/wp-json\/wp\/v2\/users\/1"}],"replies":[{"embeddable":true,"href":"https:\/\/mercepuigterapias.com\/es\/wp-json\/wp\/v2\/comments?post=45492"}],"version-history":[{"count":1,"href":"https:\/\/mercepuigterapias.com\/es\/wp-json\/wp\/v2\/pages\/45492\/revisions"}],"predecessor-version":[{"id":45493,"href":"https:\/\/mercepuigterapias.com\/es\/wp-json\/wp\/v2\/pages\/45492\/revisions\/45493"}],"wp:attachment":[{"href":"https:\/\/mercepuigterapias.com\/es\/wp-json\/wp\/v2\/media?parent=45492"}],"curies":[{"name":"wp","href":"https:\/\/api.w.org\/{rel}","templated":true}]}}